{"id":6,"date":"2024-07-17T10:27:45","date_gmt":"2024-07-17T08:27:45","guid":{"rendered":"https:\/\/hw127.dinaserver.com\/hosting\/ricolspreclinical.com-web\/?page_id=6"},"modified":"2024-09-03T11:38:40","modified_gmt":"2024-09-03T09:38:40","slug":"aviso-legal","status":"publish","type":"page","link":"https:\/\/ricolspreclinical.com\/index.php\/aviso-legal","title":{"rendered":"Aviso Legal"},"content":{"rendered":"\t\t<div data-elementor-type=\"wp-post\" data-elementor-id=\"6\" class=\"elementor elementor-6\" data-elementor-post-type=\"page\">\n\t\t\t\t<div class=\"elementor-element elementor-element-4b8c941 e-flex e-con-boxed e-con e-parent\" data-id=\"4b8c941\" data-element_type=\"container\">\n\t\t\t\t\t<div class=\"e-con-inner\">\n\t\t\t\t<div class=\"elementor-element elementor-element-f16b7d8 elementor-widget elementor-widget-text-editor\" data-id=\"f16b7d8\" data-element_type=\"widget\" data-widget_type=\"text-editor.default\">\n\t\t\t\t<div class=\"elementor-widget-container\">\n\t\t\t\t\t\t\t<p><b>1.<\/b><b>Identificaci\u00f3n y Titularidad<\/b><\/p><p><span style=\"font-weight: 400;\">En cumplimiento del art\u00edculo 10 de la Ley 34\/2002, de 11 de julio, de Servicios de la Sociedad de la Informaci\u00f3n y Comercio Electr\u00f3nico (LSSI-CE), el Titular expone sus datos identificativos:<\/span><\/p><p><b>Titular:<\/b><span style=\"font-weight: 400;\">\u00a0Laura Rico S\u00e1nchez<\/span><\/p><p><b>Nombre comercial:<\/b><span style=\"font-weight: 400;\"> Ricols<\/span><\/p><p><b>NIF:<\/b><span style=\"font-weight: 400;\">\u00a050464363V<\/span><\/p><p><b>Domicilio:<\/b><span style=\"font-weight: 400;\">\u00a0C\/ Cobre 1B, 3\u00baD. 28045, Madrid \u2013 Espa\u00f1a.<\/span><\/p><p><b>Correo electr\u00f3nico:<\/b><span style=\"font-weight: 400;\">\u00a0info@ricolspreclinical.com<\/span><b>\u00a0<\/b><\/p><p><b>Nombre de dominio (sitio web): <\/b><span style=\"font-weight: 400;\">https:\/\/ricolspreclinical.com\u00a0<\/span><\/p><h3>\u00a0<\/h3><ol start=\"2\"><li><b> <\/b><b>Propiedad intelectual e industrial<\/b><\/li><\/ol><p><b>Todos los derechos est\u00e1n reservados<\/b><span style=\"font-weight: 400;\"> para esta p\u00e1gina web, as\u00ed como de todos los elementos contenidos en la misma. A t\u00edtulo enunciativo, pero no limitativo, im\u00e1genes, sonido, audio, v\u00eddeo, software o textos; marcas o logotipos, combinaciones de colores, estructura y dise\u00f1o, selecci\u00f3n de materiales usados, programas de ordenador necesarios para su funcionamiento, acceso y uso, etc.).<\/span><\/p><p><span style=\"font-weight: 400;\">Todo acceso a este sitio Web est\u00e1 sujeto a las siguientes condiciones: la reproducci\u00f3n, almacenaje permanente y la difusi\u00f3n de los contenidos, o cualquier otro <\/span><b>uso<\/b><span style=\"font-weight: 400;\"> que tenga finalidad <\/span><b>p\u00fablica o comercial<\/b><span style=\"font-weight: 400;\">, bien sea de forma total o parcial, queda expresamente <\/span><b>prohibida<\/b><span style=\"font-weight: 400;\">, sin el consentimiento previo expreso y por escrito del Titular. Como usuario, s\u00ed podr\u00e1s visualizar los elementos del portal e incluso imprimirlos, copiarlos y almacenarlos en el disco duro de tu ordenador o en cualquier otro soporte f\u00edsico, siempre y cuando sea, \u00fanica y exclusivamente, para su uso personal y privado.\u00a0<\/span><\/p><p><span style=\"font-weight: 400;\">El Titular <\/span><b>autoriza<\/b><span style=\"font-weight: 400;\"> expresamente a que terceros puedan <\/span><b>redirigir <\/b><span style=\"font-weight: 400;\">directamente a los contenidos concretos de este sitio web.\u00a0<\/span><\/p><p><span style=\"font-weight: 400;\">Ricols no asumir\u00e1 ninguna responsabilidad derivada del uso por terceros del contenido del sitio Web y podr\u00e1 ejercitar todas las acciones civiles o penales que le correspondan, en caso de infracci\u00f3n de estos derechos por parte del usuario.<\/span><\/p><h3>\u00a0<\/h3><ol start=\"3\"><li><b> <\/b><b>Condiciones generales de uso<\/b><\/li><\/ol><p><span style=\"font-weight: 400;\">La utilizaci\u00f3n del sitio Web te otorga la condici\u00f3n de Usuario, e <\/span><b>implica la aceptaci\u00f3n completa<\/b><span style=\"font-weight: 400;\"> de todas las cl\u00e1usulas y condiciones de uso incluidas en este Aviso Legal, as\u00ed como en la <\/span><a href=\"https:\/\/ricolspreclinical.com\/index.php\/privacy-policy\"><span style=\"font-weight: 400;\">Pol\u00edtica de Privacidad<\/span><\/a><span style=\"font-weight: 400;\"> y <\/span><span style=\"font-weight: 400;\">Pol\u00edtica de Cookies<\/span><span style=\"font-weight: 400;\">. Si no est\u00e1s conforme con todas y cada una de estas cl\u00e1usulas y condiciones te abstendr\u00e1s de utilizar este sitio Web.<\/span><\/p><p><span style=\"font-weight: 400;\">El acceso a este sitio Web <\/span><b>no supone<\/b><span style=\"font-weight: 400;\">, en modo alguno, el <\/span><b>inicio de una relaci\u00f3n comercial <\/b><span style=\"font-weight: 400;\">Ricols.<\/span><\/p><p><span style=\"font-weight: 400;\">A trav\u00e9s de este sitio Web, el Titular te facilita el <\/span><b>acceso<\/b><span style=\"font-weight: 400;\"> y la utilizaci\u00f3n de diversos <\/span><b>contenidos<\/b><span style=\"font-weight: 400;\"> que el Titular o sus colaboradores han publicado por medio de Internet.<\/span><\/p><p><span style=\"font-weight: 400;\">A tal efecto, te obligas y comprometes a <\/span><b>NO utilizar<\/b><span style=\"font-weight: 400;\"> cualquiera de dichos contenidos <\/span><b>con fines<\/b><span style=\"font-weight: 400;\"> o efectos <\/span><b>il\u00edcitos<\/b><span style=\"font-weight: 400;\">, <\/span><b>prohibidos<\/b><span style=\"font-weight: 400;\"> en este Aviso Legal o por la legislaci\u00f3n vigente, <\/span><b>lesivos<\/b><span style=\"font-weight: 400;\"> de los derechos e intereses de terceros, o que de cualquier forma puedan da\u00f1ar, inutilizar, sobrecargar, deteriorar o impedir la normal utilizaci\u00f3n de los contenidos, los equipos inform\u00e1ticos o los documentos, archivos y toda clase de contenidos almacenados en cualquier equipo inform\u00e1tico propios o contratados por el Titular, de otros usuarios o de cualquier usuario de Internet.<\/span><\/p><p><b>Hiperenlaces: <\/b><span style=\"font-weight: 400;\">Las condiciones de uso antes enunciadas s\u00f3lo son de aplicaci\u00f3n para el sitio web, no quedando garantizada en los accesos a trav\u00e9s de enlaces puestos a disposici\u00f3n por terceros a este sitio web. En el caso de que en nombre del dominio o dominios se dispusiesen enlaces o hiperv\u00ednculos hac\u00eda otros sitios de Internet, el Ricols no ejercer\u00e1 ning\u00fan tipo de control sobre dichos sitios y contenidos. En ning\u00fan caso Ricols asumir\u00e1 responsabilidad alguna por los contenidos de alg\u00fan enlace perteneciente a un sitio web ajeno, ni garantizar\u00e1 la disponibilidad t\u00e9cnica, calidad, fiabilidad, exactitud, amplitud, veracidad, validez y constitucionalidad de cualquier material o informaci\u00f3n contenida en ninguno de dichos hiperv\u00ednculos u otros sitios de Internet. Igualmente, la inclusi\u00f3n de estas conexiones externas, no implicar\u00e1 ning\u00fan tipo de asociaci\u00f3n, fusi\u00f3n o participaci\u00f3n con las entidades conectadas.<\/span><\/p><h3>\u00a0<\/h3><ol start=\"4\"><li><b> <\/b><b>Responsabilidades del Titular<\/b><\/li><\/ol><p><span style=\"font-weight: 400;\">El Titular no se hace responsable, en ning\u00fan caso, de los da\u00f1os y perjuicios de cualquier naturaleza, que pudieran ocasionar al usuario los errores u omisiones en los <\/span><b>contenidos<\/b><span style=\"font-weight: 400;\">, falta de <\/span><b>disponibilidad<\/b><span style=\"font-weight: 400;\"> del portal o la transmisi\u00f3n de <\/span><b>virus<\/b><span style=\"font-weight: 400;\"> o programas maliciosos o lesivos en los contenidos, a pesar de haber adoptado todas las medidas tecnol\u00f3gicas necesarias para evitarlo. Asimismo, no garantiza la fiabilidad, la disponibilidad ni la continuidad de los contenidos de esta p\u00e1gina web, por lo que la utilizaci\u00f3n de estos por parte de los usuarios se lleva a cabo por su propia cuenta y riesgo sin que, en ning\u00fan caso, puedan exigirse responsabilidades al Titular por estas circunstancias.<\/span><\/p><h3>\u00a0<\/h3><ol start=\"5\"><li><b> <\/b><b>Jurisdicci\u00f3n<\/b><\/li><\/ol><p><span style=\"font-weight: 400;\">Los Usuarios del sitio web, para la resoluci\u00f3n de cualquier controversia que pudiera surgir con respecto a la validez, ejecuci\u00f3n, cumplimiento o resoluci\u00f3n, total o parcial de las presentes Condiciones de Uso, se someten, con renuncia expresa a su fuero propio o a cualquier otro que, en su caso, pudiera corresponderles, a la <\/span><b>competencia de los Juzgados y Tribunales de Madrid<\/b><span style=\"font-weight: 400;\">.<\/span><\/p><h3>\u00a0<\/h3><ol start=\"6\"><li><b> <\/b><b>Modificaciones de las condiciones y vigencia<\/b><\/li><\/ol><p><span style=\"font-weight: 400;\">El titular se reserva el derecho de efectuar, sin previo aviso, las modificaciones que considere oportunas en el sitio web, pudiendo cambiar, suprimir o a\u00f1adir tanto los contenidos y servicios que se presten a trav\u00e9s de la misma como la forma y lugar en la que \u00e9stos aparezcan presentados o localizados en su sitio web.<\/span><\/p><p><span style=\"font-weight: 400;\">La vigencia de las citadas condiciones ir\u00e1 en funci\u00f3n de su exposici\u00f3n y estar\u00e1n vigentes hasta que sean modificadas por otras debidamente publicadas.<\/span><\/p><p><span style=\"font-weight: 400;\">Si una de las estipulaciones de las presentes Condiciones de Uso fuera declarada nula o inoperante por un Tribunal, el resto de las Condiciones se mantendr\u00e1n en los t\u00e9rminos enunciados.<\/span><\/p><h3>\u00a0<\/h3><ol start=\"7\"><li><b> <\/b><b>Contacto<\/b><\/li><\/ol><p><span style=\"font-weight: 400;\">En caso de que tengas cualquier duda acerca de estas Condiciones legales o quieras realizar cualquier comentario sobre este sitio Web, puedes enviar un mensaje de correo electr\u00f3nico a la direcci\u00f3n <\/span><a href=\"mailto:info@ricolspreclinical.com\"><span style=\"font-weight: 400;\">info@ricolspreclinical.com<\/span><\/a><\/p><h3>\u00a0<\/h3><p><b><i>Ultima actualizaci\u00f3n septiembre 2024.<\/i><\/b><\/p>\t\t\t\t\t\t<\/div>\n\t\t\t\t<\/div>\n\t\t\t\t\t<\/div>\n\t\t\t\t<\/div>\n\t\t\t\t<\/div>\n\t\t","protected":false},"excerpt":{"rendered":"<p>1.Identificaci\u00f3n y Titularidad En cumplimiento del art\u00edculo 10 de la Ley 34\/2002, de 11 de julio, de Servicios de la Sociedad de la Informaci\u00f3n y Comercio Electr\u00f3nico (LSSI-CE), el Titular expone sus datos identificativos: Titular:\u00a0Laura Rico S\u00e1nchez Nombre comercial: Ricols NIF:\u00a050464363V Domicilio:\u00a0C\/ Cobre 1B, 3\u00baD. 28045, Madrid \u2013 Espa\u00f1a. Correo electr\u00f3nico:\u00a0info@ricolspreclinical.com\u00a0 Nombre de dominio (sitio [&hellip;]<\/p>\n","protected":false},"author":1,"featured_media":0,"parent":0,"menu_order":0,"comment_status":"closed","ping_status":"closed","template":"","meta":{"footnotes":""},"class_list":["post-6","page","type-page","status-publish","hentry"],"_links":{"self":[{"href":"https:\/\/ricolspreclinical.com\/index.php\/wp-json\/wp\/v2\/pages\/6"}],"collection":[{"href":"https:\/\/ricolspreclinical.com\/index.php\/wp-json\/wp\/v2\/pages"}],"about":[{"href":"https:\/\/ricolspreclinical.com\/index.php\/wp-json\/wp\/v2\/types\/page"}],"author":[{"embeddable":true,"href":"https:\/\/ricolspreclinical.com\/index.php\/wp-json\/wp\/v2\/users\/1"}],"replies":[{"embeddable":true,"href":"https:\/\/ricolspreclinical.com\/index.php\/wp-json\/wp\/v2\/comments?post=6"}],"version-history":[{"count":11,"href":"https:\/\/ricolspreclinical.com\/index.php\/wp-json\/wp\/v2\/pages\/6\/revisions"}],"predecessor-version":[{"id":311,"href":"https:\/\/ricolspreclinical.com\/index.php\/wp-json\/wp\/v2\/pages\/6\/revisions\/311"}],"wp:attachment":[{"href":"https:\/\/ricolspreclinical.com\/index.php\/wp-json\/wp\/v2\/media?parent=6"}],"curies":[{"name":"wp","href":"https:\/\/api.w.org\/{rel}","templated":true}]}}