{"id":306,"date":"2024-09-03T11:37:01","date_gmt":"2024-09-03T09:37:01","guid":{"rendered":"https:\/\/ricolspreclinical.com\/?page_id=306"},"modified":"2024-09-03T11:37:55","modified_gmt":"2024-09-03T09:37:55","slug":"politica-de-cookies","status":"publish","type":"page","link":"https:\/\/ricolspreclinical.com\/index.php\/politica-de-cookies","title":{"rendered":"Pol\u00edtica de Cookies"},"content":{"rendered":"\n<p><strong>INFORMACI\u00d3N SOBRE COOKIES<\/strong><\/p>\n\n\n\n<p>Debido a la entrada en vigor de la referente modificaci\u00f3n de la \u00abLey de Servicios de la Sociedad de la Informaci\u00f3n\u00bb (LSSICE) establecida por el Real Decreto 13\/2012, es de obligaci\u00f3n obtener el consentimiento expreso del usuario de todas las p\u00e1ginas web que san&nbsp;<em>cookies&nbsp;<\/em>prescindibles, antes de que este navegue por ellas.<\/p>\n\n\n\n<p><strong>\u00bfQU\u00c9 SON LAS COOKIES?<\/strong><\/p>\n\n\n\n<p>Las&nbsp;<em>cookies&nbsp;<\/em>y otras tecnolog\u00edas similares tales como local shared objects, flash&nbsp;<em>cookies&nbsp;<\/em>o p\u00edxeles, son herramientas empleadas por los servidores Web para almacenar y recuperar informaci\u00f3n acerca de sus visitantes, as\u00ed como para ofrecer un correcto funcionamiento del sitio.<\/p>\n\n\n\n<p>Mediante el uso de estos dispositivos, se permite al servidor Web recordar algunos datos concernientes al usuario, como sus preferencias para la visualizaci\u00f3n de las p\u00e1ginas de ese servidor, nombre y contrase\u00f1a, productos que m\u00e1s le interesan, etc.<\/p>\n\n\n\n<p><strong>COOKIES&nbsp;AFECTADAS POR LA NORMATIVA Y&nbsp;COOKIES&nbsp;EXCEPTUADAS<\/strong><\/p>\n\n\n\n<p>Seg\u00fan la directiva de la UE, las&nbsp;<em>cookies&nbsp;<\/em>que requieren el consentimiento informado por parte del usuario son las&nbsp;<em>cookies&nbsp;<\/em>de anal\u00edtica y las de publicidad y afiliaci\u00f3n, quedando exceptuadas las de car\u00e1cter t\u00e9cnico y las necesarias para el funcionamiento del sitio web o la prestaci\u00f3n de servicios expresamente solicitados por el usuario.<\/p>\n\n\n\n<p><strong>TIPOS DE COOKIES&nbsp;<\/strong><\/p>\n\n\n\n<p>SEG\u00daN LA FINALIDAD<\/p>\n\n\n\n<ul class=\"wp-block-list\">\n<li><strong><em>Cookies\u00a0<\/em><\/strong><strong>t\u00e9cnicas y funcionales:<\/strong>\u00a0son aquellas que permiten al usuario la navegaci\u00f3n a trav\u00e9s de una p\u00e1gina web, plataforma o aplicaci\u00f3n y la utilizaci\u00f3n de las diferentes opciones o servicios que en ella existan.<\/li>\n\n\n\n<li><strong><em>Cookies\u00a0<\/em><\/strong><strong>anal\u00edticas:<\/strong>\u00a0son aquellas que permiten al responsable de las mismas el seguimiento y an\u00e1lisis del comportamiento de los usuarios de los sitios web a los que est\u00e1n vinculadas. La informaci\u00f3n recogida mediante este tipo de cookies se utiliza en la medici\u00f3n de la actividad de los sitios web, aplicaci\u00f3n o plataforma y para la elaboraci\u00f3n de perfiles de navegaci\u00f3n de los usuarios de dichos sitios, aplicaciones y plataformas, con el fin de introducir mejoras en funci\u00f3n del an\u00e1lisis de los datos de uso que hacen los usuarios del servicio.<\/li>\n\n\n\n<li><strong><em>Cookies\u00a0<\/em><\/strong><strong>publicitarias:<\/strong>\u00a0son aquellas que permiten la gesti\u00f3n, de la forma m\u00e1s eficaz posible, de los espacios publicitarios que, en su caso, el editor haya incluido en una p\u00e1gina web, aplicaci\u00f3n o plataforma desde la que presta el servicio solicitado en base a criterios como el contenido editado o la frecuencia en la que se muestran los anuncios.<\/li>\n\n\n\n<li><strong><em>Cookies\u00a0<\/em><\/strong><strong>de publicidad comportamental:<\/strong>\u00a0recogen informaci\u00f3n sobre las preferencias y elecciones personales del usuario (retargeting) para permitir la gesti\u00f3n, de la forma m\u00e1s eficaz posible, de los espacios publicitarios que, en su caso, el editor haya incluido en una p\u00e1gina web, aplicaci\u00f3n o plataforma desde la que presta el servicio solicitado.<\/li>\n\n\n\n<li><strong><em>Cookies\u00a0<\/em><\/strong><strong>sociales:<\/strong>\u00a0son establecidas por las plataformas de redes sociales en los servicios para permitirle compartir contenido con sus amigos y redes. Las plataformas de medios sociales tienen la capacidad de rastrear su actividad en l\u00ednea fuera de los Servicios. Esto puede afectar al contenido y los mensajes que ve en otros servicios que visita.<\/li>\n\n\n\n<li><strong><em>Cookies\u00a0<\/em><\/strong><strong>de afiliados:<\/strong>\u00a0permiten hacer un seguimiento de las visitas procedentes de otras webs, con las que el sitio web establece un contrato de afiliaci\u00f3n (empresas de afiliaci\u00f3n).<\/li>\n\n\n\n<li><strong><em>Cookies\u00a0<\/em><\/strong><strong>de seguridad:\u00a0<\/strong>almacenan informaci\u00f3n cifrada para evitar que los datos guardados en ellas sean vulnerables a ataques maliciosos de terceros.<\/li>\n<\/ul>\n\n\n\n<p>SEG\u00daN LA PROPIEDAD<\/p>\n\n\n\n<ul class=\"wp-block-list\">\n<li><strong><em>Cookies\u00a0<\/em><\/strong><strong>propias:<\/strong>\u00a0son aquellas que se env\u00edan al equipo terminal del usuario desde un equipo o dominio gestionado por el propio editor y desde el que se presta el servicio solicitado por el usuario.<\/li>\n\n\n\n<li><strong><em>Cookies\u00a0<\/em><\/strong><strong>de terceros:<\/strong>\u00a0son aquellas que se env\u00edan al equipo terminal del usuario desde un equipo o dominio que no es gestionado por el editor, sino por otra entidad que trata los datos obtenidos trav\u00e9s de las cookies.<\/li>\n<\/ul>\n\n\n\n<p>SEG\u00daN EL PLAZO DE CONSERVACI\u00d3N<\/p>\n\n\n\n<ul class=\"wp-block-list\">\n<li><strong><em>Cookies\u00a0<\/em><\/strong><strong>de sesi\u00f3n:<\/strong>\u00a0son un tipo de cookies dise\u00f1adas para recabar y almacenar datos mientras el usuario accede a una p\u00e1gina web.<\/li>\n\n\n\n<li><strong><em>Cookies\u00a0<\/em><\/strong><strong>persistentes:<\/strong>\u00a0son un tipo de cookies en el que los datos siguen almacenados en el terminal y pueden ser accedidos y tratados durante un per\u00edodo definido por el responsable de la cookie, y que puede ir de unos minutos a varios a\u00f1os.<\/li>\n<\/ul>\n\n\n\n<p><strong>TRATAMIENTO DE DATOS PERSONALES<\/strong><\/p>\n\n\n\n<p>Laura Rico S\u00e1nchez (con el nombre comercial Ricols) es el&nbsp;<strong>Responsable del tratamiento<\/strong>&nbsp;de los datos personales del&nbsp;<strong>Interesado&nbsp;<\/strong>y le informa de que estos datos ser\u00e1n tratados de conformidad con lo dispuesto en la legislaci\u00f3n actual y en los t\u00e9rminos que se detallan en la Pol\u00edtica de Privacidad de esta web.<\/p>\n\n\n\n<p><strong>Fines del tratamiento:<\/strong>&nbsp;seg\u00fan se especifica en el apartado de cookies que se utilizan en este sitio web.<\/p>\n\n\n\n<p><strong>Criterios de conservaci\u00f3n de los datos:<\/strong>&nbsp;seg\u00fan se especifica en el apartado de cookies utilizadas en la web.<br><strong>Comunicaci\u00f3n de los datos:<\/strong>&nbsp;no se comunicar\u00e1n los datos a terceros, excepto en cookies propiedad de terceros o por obligaci\u00f3n legal.<\/p>\n\n\n\n<p><strong>Datos de contacto para ejercer sus derechos:<\/strong><\/p>\n\n\n\n<p>Laura Rico S\u00e1nchez. C\/ Cobre 1B, 3\u00baD. 28045, Madrid \u2013 Espa\u00f1a. Correo electr\u00f3nico: info@ricolspreclinical.com<\/p>\n\n\n\n<p><strong>COOKIES&nbsp;UTILIZADAS EN ESTE SITIO<\/strong><\/p>\n\n\n\n<p>Para garantizar la rapidez del navegador.<\/p>\n\n\n\n<p>Tu estado actual: Consentimiento aceptado.\u00a0Gestiona tu consentimiento.<\/p>\n\n\n\n<p>Obtener m\u00e1s informaci\u00f3n para&nbsp;<strong>deshabilitar las&nbsp;<\/strong><strong><em>cookies&nbsp;<\/em><\/strong>de <em>Google Analytics<\/em>:<\/p>\n\n\n\n<ul class=\"wp-block-list\">\n<li><a href=\"https:\/\/tools.google.com\/dlpage\/gaoptout\">Pol\u00edtica de privacidad de Google<\/a><\/li>\n\n\n\n<li><a href=\"https:\/\/support.google.com\/analytics\/answer\/181881?hl=es\">Exclusi\u00f3n de Google Analytics<\/a><\/li>\n<\/ul>\n\n\n\n<p><strong>C\u00d3MO GESTIONAR LAS COOKIES DESDE EL NAVEGADOR<\/strong><\/p>\n\n\n\n<ul class=\"wp-block-list\">\n<li><strong>Eliminar las cookies del dispositivo:<\/strong>\u00a0Las cookies que ya est\u00e1n en un dispositivo se pueden eliminar borrando el historial del navegador, con lo que se suprimen las cookies de todos los sitios web visitados. Sin embargo, tambi\u00e9n se puede perder parte de la informaci\u00f3n guardada (por ejemplo, los datos de inicio de sesi\u00f3n o las preferencias de sitio web).<\/li>\n\n\n\n<li><strong>Gestionar las cookies espec\u00edficas del sitio:<\/strong>\u00a0Para tener un control m\u00e1s preciso de las cookies espec\u00edficas de cada sitio, los usuarios pueden ajustar su configuraci\u00f3n de privacidad y cookies en el navegador.<\/li>\n\n\n\n<li><strong>Bloquear las cookies:<\/strong>\u00a0Aunque la mayor\u00eda de los navegadores modernos se pueden configurar para evitar que se instalen cookies en los dispositivos, eso puede obligar al ajuste manual de determinadas preferencias cada vez que se visite un sitio o p\u00e1gina. Adem\u00e1s, algunos servicios y caracter\u00edsticas pueden no funcionar correctamente (por ejemplo, los inicios de sesi\u00f3n con perfil).<\/li>\n<\/ul>\n\n\n\n<p><strong>C\u00d3MO ELIMINAR LAS COOKIES DE LOS NAVEGADORES M\u00c1S COMUNES<\/strong><\/p>\n\n\n\n<ul class=\"wp-block-list\">\n<li><strong>Chrome:<\/strong>\u00a0<a href=\"http:\/\/support.google.com\/chrome\/answer\/95647?hl=es\">http:\/\/support.google.com\/chrome\/answer\/95647?hl=es<\/a><\/li>\n\n\n\n<li><strong>Internet Explorer:<\/strong>\u00a0<a href=\"https:\/\/support.microsoft.com\/es-es\/help\/278835\/how-to-delete-cookie-files-in-internet-explorer\">https:\/\/support.microsoft.com\/es-es\/help\/278835\/how-to-delete-cookie-files-in-internet-explorer<\/a><\/li>\n\n\n\n<li><strong>Firefox<\/strong>:\u00a0<a href=\"https:\/\/www.mozilla.org\/es-ES\/privacy\/websites\/#cookies\">https:\/\/www.mozilla.org\/es-ES\/privacy\/websites\/#cookies<\/a><\/li>\n\n\n\n<li><strong>Safari<\/strong>:\u00a0<a href=\"https:\/\/support.apple.com\/es-es\/guide\/safari\/sfri11471\/mac\">https:\/\/support.apple.com\/es-es\/guide\/safari\/sfri11471\/mac<\/a><\/li>\n\n\n\n<li><strong>Opera<\/strong>:\u00a0<a href=\"https:\/\/help.opera.com\/en\/latest\/security-and-privacy\/#clearBrowsingData\">https:\/\/help.opera.com\/en\/latest\/security-and-privacy\/#clearBrowsingData<\/a><\/li>\n<\/ul>\n\n\n\n<p><strong><em>Ultima actualizaci\u00f3n septiembre 2024.<\/em><\/strong><\/p>\n","protected":false},"excerpt":{"rendered":"<p>INFORMACI\u00d3N SOBRE COOKIES Debido a la entrada en vigor de la referente modificaci\u00f3n de la \u00abLey de Servicios de la Sociedad de la Informaci\u00f3n\u00bb (LSSICE) establecida por el Real Decreto 13\/2012, es de obligaci\u00f3n obtener el consentimiento expreso del usuario de todas las p\u00e1ginas web que san&nbsp;cookies&nbsp;prescindibles, antes de que este navegue por ellas. \u00bfQU\u00c9 [&hellip;]<\/p>\n","protected":false},"author":1,"featured_media":0,"parent":0,"menu_order":0,"comment_status":"closed","ping_status":"closed","template":"","meta":{"footnotes":""},"class_list":["post-306","page","type-page","status-publish","hentry"],"_links":{"self":[{"href":"https:\/\/ricolspreclinical.com\/index.php\/wp-json\/wp\/v2\/pages\/306"}],"collection":[{"href":"https:\/\/ricolspreclinical.com\/index.php\/wp-json\/wp\/v2\/pages"}],"about":[{"href":"https:\/\/ricolspreclinical.com\/index.php\/wp-json\/wp\/v2\/types\/page"}],"author":[{"embeddable":true,"href":"https:\/\/ricolspreclinical.com\/index.php\/wp-json\/wp\/v2\/users\/1"}],"replies":[{"embeddable":true,"href":"https:\/\/ricolspreclinical.com\/index.php\/wp-json\/wp\/v2\/comments?post=306"}],"version-history":[{"count":2,"href":"https:\/\/ricolspreclinical.com\/index.php\/wp-json\/wp\/v2\/pages\/306\/revisions"}],"predecessor-version":[{"id":308,"href":"https:\/\/ricolspreclinical.com\/index.php\/wp-json\/wp\/v2\/pages\/306\/revisions\/308"}],"wp:attachment":[{"href":"https:\/\/ricolspreclinical.com\/index.php\/wp-json\/wp\/v2\/media?parent=306"}],"curies":[{"name":"wp","href":"https:\/\/api.w.org\/{rel}","templated":true}]}}